{"id":139,"date":"2020-07-03T12:37:17","date_gmt":"2020-07-03T12:37:17","guid":{"rendered":"https:\/\/bridge378.qodeinteractive.com\/?page_id=139"},"modified":"2023-10-02T01:08:20","modified_gmt":"2023-10-01T22:08:20","slug":"aromatherapy","status":"publish","type":"page","link":"https:\/\/www.foxnails.ee\/ee\/?page_id=139","title":{"rendered":"Esitlus"},"content":{"rendered":"\t\t<div data-elementor-type=\"wp-page\" data-elementor-id=\"139\" class=\"elementor elementor-139\">\n\t\t\t\t\t\t\t\t\t<section class=\"elementor-section elementor-top-section elementor-element elementor-element-73bc3e4a elementor-section-full_width qode_elementor_container_inner elementor-section-height-default elementor-section-height-default parallax_section_no\" data-id=\"73bc3e4a\" data-element_type=\"section\">\n\t\t\t\t\t\t<div class=\"elementor-container elementor-column-gap-no\">\n\t\t\t\t\t<div class=\"elementor-column elementor-col-50 elementor-top-column elementor-element elementor-element-9363128\" data-id=\"9363128\" data-element_type=\"column\">\n\t\t\t<div class=\"elementor-widget-wrap elementor-element-populated\">\n\t\t\t\t\t\t\t\t<div class=\"elementor-element elementor-element-f0d87fe elementor-widget elementor-widget-image\" data-id=\"f0d87fe\" data-element_type=\"widget\" data-widget_type=\"image.default\">\n\t\t\t\t<div class=\"elementor-widget-container\">\n\t\t\t<style>\/*! elementor - v3.10.2 - 29-01-2023 *\/\n.elementor-widget-image{text-align:center}.elementor-widget-image a{display:inline-block}.elementor-widget-image a img[src$=\".svg\"]{width:48px}.elementor-widget-image img{vertical-align:middle;display:inline-block}<\/style>\t\t\t\t\t\t\t\t\t\t\t\t<img loading=\"lazy\" decoding=\"async\" width=\"1280\" height=\"851\" src=\"https:\/\/www.foxnails.ee\/ee\/wp-content\/uploads\/2023\/09\/B561C846-6AB2-495F-A6A5-0C2B19DEB07C.jpg\" class=\"attachment-full size-full wp-image-774\" alt=\"\" srcset=\"https:\/\/www.foxnails.ee\/ee\/wp-content\/uploads\/2023\/09\/B561C846-6AB2-495F-A6A5-0C2B19DEB07C.jpg 1280w, https:\/\/www.foxnails.ee\/ee\/wp-content\/uploads\/2023\/09\/B561C846-6AB2-495F-A6A5-0C2B19DEB07C-300x199.jpg 300w, https:\/\/www.foxnails.ee\/ee\/wp-content\/uploads\/2023\/09\/B561C846-6AB2-495F-A6A5-0C2B19DEB07C-1024x681.jpg 1024w, https:\/\/www.foxnails.ee\/ee\/wp-content\/uploads\/2023\/09\/B561C846-6AB2-495F-A6A5-0C2B19DEB07C-768x511.jpg 768w, https:\/\/www.foxnails.ee\/ee\/wp-content\/uploads\/2023\/09\/B561C846-6AB2-495F-A6A5-0C2B19DEB07C-700x465.jpg 700w\" sizes=\"auto, (max-width: 1280px) 100vw, 1280px\" \/>\t\t\t\t\t\t\t\t\t\t\t\t\t\t\t<\/div>\n\t\t\t\t<\/div>\n\t\t\t\t\t<\/div>\n\t\t<\/div>\n\t\t\t\t<div class=\"elementor-column elementor-col-50 elementor-top-column elementor-element elementor-element-145201d8\" data-id=\"145201d8\" data-element_type=\"column\">\n\t\t\t<div class=\"elementor-widget-wrap elementor-element-populated\">\n\t\t\t\t\t\t\t\t<div class=\"elementor-element elementor-element-16b5bc14 elementor-widget elementor-widget-text-editor\" data-id=\"16b5bc14\" data-element_type=\"widget\" data-widget_type=\"text-editor.default\">\n\t\t\t\t<div class=\"elementor-widget-container\">\n\t\t\t<style>\/*! elementor - v3.10.2 - 29-01-2023 *\/\n.elementor-widget-text-editor.elementor-drop-cap-view-stacked .elementor-drop-cap{background-color:#818a91;color:#fff}.elementor-widget-text-editor.elementor-drop-cap-view-framed .elementor-drop-cap{color:#818a91;border:3px solid;background-color:transparent}.elementor-widget-text-editor:not(.elementor-drop-cap-view-default) .elementor-drop-cap{margin-top:8px}.elementor-widget-text-editor:not(.elementor-drop-cap-view-default) .elementor-drop-cap-letter{width:1em;height:1em}.elementor-widget-text-editor .elementor-drop-cap{float:left;text-align:center;line-height:1;font-size:50px}.elementor-widget-text-editor .elementor-drop-cap-letter{display:inline-block}<\/style>\t\t\t\t<h2 style=\"text-align: center;\">\u00dcrituse info<\/h2>\t\t\t\t\t\t<\/div>\n\t\t\t\t<\/div>\n\t\t\t\t<div class=\"elementor-element elementor-element-b1e7d1d elementor-widget elementor-widget-text-editor\" data-id=\"b1e7d1d\" data-element_type=\"widget\" data-widget_type=\"text-editor.default\">\n\t\t\t\t<div class=\"elementor-widget-container\">\n\t\t\t\t\t\t\t<h5>&#8212; Antud \u00fcritus sobib nii algajatele kui ka juba praktiseerivatele manik\u00fc\u00fcri meistritele, kes soovivad end edasi arendada<\/h5><div>\u00a0<\/div>\t\t\t\t\t\t<\/div>\n\t\t\t\t<\/div>\n\t\t\t\t<section class=\"elementor-section elementor-inner-section elementor-element elementor-element-21683238 elementor-section-full_width elementor-section-height-default elementor-section-height-default parallax_section_no qode_elementor_container_no\" data-id=\"21683238\" data-element_type=\"section\">\n\t\t\t\t\t\t<div class=\"elementor-container elementor-column-gap-no\">\n\t\t\t\t\t<div class=\"elementor-column elementor-col-100 elementor-inner-column elementor-element elementor-element-46ed6f97\" data-id=\"46ed6f97\" data-element_type=\"column\">\n\t\t\t<div class=\"elementor-widget-wrap elementor-element-populated\">\n\t\t\t\t\t\t\t\t<div class=\"elementor-element elementor-element-7591402b elementor-widget elementor-widget-text-editor\" data-id=\"7591402b\" data-element_type=\"widget\" data-widget_type=\"text-editor.default\">\n\t\t\t\t<div class=\"elementor-widget-container\">\n\t\t\t\t\t\t\t<h5 style=\"text-align: center;\">&#8212; V\u00f5imalus kohtuda kolleegidega ja t\u00f6\u00f6stuse eksperte, mis avab teie jaoks uued perspektiivid ja aitab laiendada oma professionaalseid oskusi ning luua uusi tutvuseid.<\/h5>\t\t\t\t\t\t<\/div>\n\t\t\t\t<\/div>\n\t\t\t\t<div class=\"elementor-element elementor-element-a6b1937 elementor-widget elementor-widget-text-editor\" data-id=\"a6b1937\" data-element_type=\"widget\" data-widget_type=\"text-editor.default\">\n\t\t\t\t<div class=\"elementor-widget-container\">\n\t\t\t\t\t\t\t<h5 style=\"text-align: center;\">&#8212; K\u00f5ik osalejad saavad eripakkumisi ja soodustusi br\u00e4ndi toodetele. V\u00f5imalus suhelda br\u00e4ndi esindajatega ja saada hinnapakkumisi salongidele ja koolitajate jaoks.<\/h5>\t\t\t\t\t\t<\/div>\n\t\t\t\t<\/div>\n\t\t\t\t\t<\/div>\n\t\t<\/div>\n\t\t\t\t\t\t\t<\/div>\n\t\t<\/section>\n\t\t\t\t\t<\/div>\n\t\t<\/div>\n\t\t\t\t\t\t\t<\/div>\n\t\t<\/section>\n\t\t\t\t<section class=\"elementor-section elementor-top-section elementor-element elementor-element-e5e3180 elementor-section-boxed elementor-section-height-default elementor-section-height-default parallax_section_no qode_elementor_container_no\" data-id=\"e5e3180\" data-element_type=\"section\">\n\t\t\t\t\t\t<div class=\"elementor-container elementor-column-gap-default\">\n\t\t\t\t\t<div class=\"elementor-column elementor-col-50 elementor-top-column elementor-element elementor-element-4d3f2b45\" data-id=\"4d3f2b45\" data-element_type=\"column\">\n\t\t\t<div class=\"elementor-widget-wrap elementor-element-populated\">\n\t\t\t\t\t\t\t\t<div class=\"elementor-element elementor-element-497ccaf9 animated-slow elementor-widget elementor-widget-image\" data-id=\"497ccaf9\" data-element_type=\"widget\" data-settings=\"{&quot;_animation&quot;:&quot;none&quot;,&quot;_animation_delay&quot;:100}\" data-widget_type=\"image.default\">\n\t\t\t\t<div class=\"elementor-widget-container\">\n\t\t\t\t\t\t\t\t\t\t\t\t\t\t\t<img loading=\"lazy\" decoding=\"async\" width=\"570\" height=\"570\" src=\"https:\/\/www.foxnails.ee\/ee\/wp-content\/uploads\/2023\/02\/310619653_836276424218730_2753648756025321403_n-570x570.jpg\" class=\"attachment-portfolio-square size-portfolio-square wp-image-292\" alt=\"\" srcset=\"https:\/\/www.foxnails.ee\/ee\/wp-content\/uploads\/2023\/02\/310619653_836276424218730_2753648756025321403_n-570x570.jpg 570w, https:\/\/www.foxnails.ee\/ee\/wp-content\/uploads\/2023\/02\/310619653_836276424218730_2753648756025321403_n-150x150.jpg 150w, https:\/\/www.foxnails.ee\/ee\/wp-content\/uploads\/2023\/02\/310619653_836276424218730_2753648756025321403_n-500x500.jpg 500w, https:\/\/www.foxnails.ee\/ee\/wp-content\/uploads\/2023\/02\/310619653_836276424218730_2753648756025321403_n-1000x1000.jpg 1000w, https:\/\/www.foxnails.ee\/ee\/wp-content\/uploads\/2023\/02\/310619653_836276424218730_2753648756025321403_n-650x650.jpg 650w\" sizes=\"auto, (max-width: 570px) 100vw, 570px\" \/>\t\t\t\t\t\t\t\t\t\t\t\t\t\t\t<\/div>\n\t\t\t\t<\/div>\n\t\t\t\t\t<\/div>\n\t\t<\/div>\n\t\t\t\t<div class=\"elementor-column elementor-col-50 elementor-top-column elementor-element elementor-element-7dc61870\" data-id=\"7dc61870\" data-element_type=\"column\">\n\t\t\t<div class=\"elementor-widget-wrap elementor-element-populated\">\n\t\t\t\t\t\t\t\t<div class=\"elementor-element elementor-element-17fa18fc elementor-widget elementor-widget-text-editor\" data-id=\"17fa18fc\" data-element_type=\"widget\" data-widget_type=\"text-editor.default\">\n\t\t\t\t<div class=\"elementor-widget-container\">\n\t\t\t\t\t\t\t<h1 style=\"text-align: center;\">Esitlus<\/h1>\t\t\t\t\t\t<\/div>\n\t\t\t\t<\/div>\n\t\t\t\t<div class=\"elementor-element elementor-element-372ae50 elementor-widget elementor-widget-text-editor\" data-id=\"372ae50\" data-element_type=\"widget\" data-widget_type=\"text-editor.default\">\n\t\t\t\t<div class=\"elementor-widget-container\">\n\t\t\t\t\t\t\t<h5 style=\"text-align: center;\"><span style=\"text-decoration: underline;\"><strong>Presentatsiooni p\u00f5hilised etapid:<\/strong><\/span><\/h5>\t\t\t\t\t\t<\/div>\n\t\t\t\t<\/div>\n\t\t\t\t<div class=\"elementor-element elementor-element-5a9152e elementor-widget elementor-widget-text-editor\" data-id=\"5a9152e\" data-element_type=\"widget\" data-widget_type=\"text-editor.default\">\n\t\t\t\t<div class=\"elementor-widget-container\">\n\t\t\t\t\t\t\t<h5 style=\"text-align: center;\"><strong>&#8212; P\u00f5hjalik teoreetiline osa ekspert-tehnoloogi poolt<\/strong><\/h5>\t\t\t\t\t\t<\/div>\n\t\t\t\t<\/div>\n\t\t\t\t<div class=\"elementor-element elementor-element-cc70103 elementor-widget elementor-widget-text-editor\" data-id=\"cc70103\" data-element_type=\"widget\" data-widget_type=\"text-editor.default\">\n\t\t\t\t<div class=\"elementor-widget-container\">\n\t\t\t\t\t\t\t<h5 style=\"text-align: center;\"><strong>&#8212; F.O.X tootevaliku esitlus<\/strong><\/h5>\t\t\t\t\t\t<\/div>\n\t\t\t\t<\/div>\n\t\t\t\t<div class=\"elementor-element elementor-element-ef56d8c elementor-widget elementor-widget-text-editor\" data-id=\"ef56d8c\" data-element_type=\"widget\" data-widget_type=\"text-editor.default\">\n\t\t\t\t<div class=\"elementor-widget-container\">\n\t\t\t\t\t\t\t<h5 style=\"text-align: center;\">\u00a0 &#8212; <strong>Kvaliteetse manik\u00fc\u00fcri teostamise tehnikate anal\u00fc\u00fcs<\/strong><\/h5>\t\t\t\t\t\t<\/div>\n\t\t\t\t<\/div>\n\t\t\t\t<div class=\"elementor-element elementor-element-a4e8d40 elementor-widget elementor-widget-text-editor\" data-id=\"a4e8d40\" data-element_type=\"widget\" data-widget_type=\"text-editor.default\">\n\t\t\t\t<div class=\"elementor-widget-container\">\n\t\t\t\t\t\t\t<h5 style=\"text-align: center;\"><strong>\u00a0 &#8212; K\u00fc\u00fcneplaadi anatoomia loeng<\/strong><\/h5>\t\t\t\t\t\t<\/div>\n\t\t\t\t<\/div>\n\t\t\t\t<div class=\"elementor-element elementor-element-1262a53 elementor-widget elementor-widget-text-editor\" data-id=\"1262a53\" data-element_type=\"widget\" data-widget_type=\"text-editor.default\">\n\t\t\t\t<div class=\"elementor-widget-container\">\n\t\t\t\t\t\t\t<h5 style=\"text-align: center;\"><strong>\u00a0&#8212; Keemilise koostise ja valguse f\u00fc\u00fcsika loeng<\/strong><\/h5>\t\t\t\t\t\t<\/div>\n\t\t\t\t<\/div>\n\t\t\t\t<div class=\"elementor-element elementor-element-7dd62a5 elementor-widget elementor-widget-text-editor\" data-id=\"7dd62a5\" data-element_type=\"widget\" data-widget_type=\"text-editor.default\">\n\t\t\t\t<div class=\"elementor-widget-container\">\n\t\t\t\t\t\t\t<h5 style=\"text-align: center;\"><strong>\u00a0&#8212; F.O.X toodete v\u00f5imaluste demonstreerimine<\/strong><\/h5>\t\t\t\t\t\t<\/div>\n\t\t\t\t<\/div>\n\t\t\t\t<div class=\"elementor-element elementor-element-2f3e2d3 elementor-widget elementor-widget-text-editor\" data-id=\"2f3e2d3\" data-element_type=\"widget\" data-widget_type=\"text-editor.default\">\n\t\t\t\t<div class=\"elementor-widget-container\">\n\t\t\t\t\t\t\t<h5 style=\"text-align: center;\"><strong>\u00a0&#8212; Professionaalsed n\u00f5uanded \u00f5ige toote valimiseks vastavalt Teie vajadustele<\/strong><\/h5>\t\t\t\t\t\t<\/div>\n\t\t\t\t<\/div>\n\t\t\t\t<div class=\"elementor-element elementor-element-b95d55a elementor-widget elementor-widget-text-editor\" data-id=\"b95d55a\" data-element_type=\"widget\" data-widget_type=\"text-editor.default\">\n\t\t\t\t<div class=\"elementor-widget-container\">\n\t\t\t\t\t\t\t<h5 style=\"text-align: center;\"><strong>\u00a0&#8212; Meetodid k\u00fc\u00fcneplaadi tugevdamiseks, taastamiseks ja rekonstrueerimiseks<\/strong><\/h5>\t\t\t\t\t\t<\/div>\n\t\t\t\t<\/div>\n\t\t\t\t<div class=\"elementor-element elementor-element-1b01990 elementor-widget elementor-widget-text-editor\" data-id=\"1b01990\" data-element_type=\"widget\" data-widget_type=\"text-editor.default\">\n\t\t\t\t<div class=\"elementor-widget-container\">\n\t\t\t\t\t\t\t<h5 style=\"text-align: center;\">\u00a0<\/h5><h5 style=\"text-align: center;\">Esitlemist viib l\u00e4bi rahvusvaheliselt sertifitseeritud k\u00fc\u00fcnetehnik, kaubam\u00e4rgi tehnoloogiaekspert <a href=\"https:\/\/www.instagram.com\/katerina_biliaeva\" target=\"_blank\" rel=\"noopener\"><span style=\"text-decoration: underline;\">F.O.X &#8212; Katerina Biliaeva.<\/span><\/a><\/h5><h5 style=\"text-align: center;\"><span style=\"text-decoration: underline;\">Esitlus toimub j\u00e4rjestiku t\u00f5lkemisega vene keelest &#8212; eesti keelde.<\/span><\/h5>\t\t\t\t\t\t<\/div>\n\t\t\t\t<\/div>\n\t\t\t\t<div class=\"elementor-element elementor-element-be1874b elementor-widget elementor-widget-text-editor\" data-id=\"be1874b\" data-element_type=\"widget\" data-widget_type=\"text-editor.default\">\n\t\t\t\t<div class=\"elementor-widget-container\">\n\t\t\t\t\t\t\t<h5 style=\"text-align: center;\"><em>Osalemine \u00fcritusel on tasuline ja n\u00f5uab t\u00e4ielikku makset (<strong><span style=\"color: #ff0000;\">25 \u20ac<\/span><\/strong>). <\/em><\/h5><h5 style=\"text-align: center;\"><em>Osalemiseks palun, <a href=\"https:\/\/www.foxnails.ee\/ee\/?page_id=144\"><span style=\"text-decoration: underline;\">registreerige<\/span><\/a>.<\/em><\/h5>\t\t\t\t\t\t<\/div>\n\t\t\t\t<\/div>\n\t\t\t\t\t<\/div>\n\t\t<\/div>\n\t\t\t\t\t\t\t<\/div>\n\t\t<\/section>\n\t\t\t\t<section class=\"elementor-section elementor-top-section elementor-element elementor-element-50665d0 elementor-section-boxed elementor-section-height-default elementor-section-height-default parallax_section_no qode_elementor_container_no\" data-id=\"50665d0\" data-element_type=\"section\">\n\t\t\t\t\t\t<div class=\"elementor-container elementor-column-gap-default\">\n\t\t\t\t\t<div class=\"elementor-column elementor-col-100 elementor-top-column elementor-element elementor-element-856e50c\" data-id=\"856e50c\" data-element_type=\"column\">\n\t\t\t<div class=\"elementor-widget-wrap elementor-element-populated\">\n\t\t\t\t\t\t\t\t<div class=\"elementor-element elementor-element-164415d elementor-widget-divider--view-line elementor-widget elementor-widget-divider\" data-id=\"164415d\" data-element_type=\"widget\" data-widget_type=\"divider.default\">\n\t\t\t\t<div class=\"elementor-widget-container\">\n\t\t\t<style>\/*! elementor - v3.10.2 - 29-01-2023 *\/\n.elementor-widget-divider{--divider-border-style:none;--divider-border-width:1px;--divider-color:#2c2c2c;--divider-icon-size:20px;--divider-element-spacing:10px;--divider-pattern-height:24px;--divider-pattern-size:20px;--divider-pattern-url:none;--divider-pattern-repeat:repeat-x}.elementor-widget-divider .elementor-divider{display:flex}.elementor-widget-divider .elementor-divider__text{font-size:15px;line-height:1;max-width:95%}.elementor-widget-divider .elementor-divider__element{margin:0 var(--divider-element-spacing);flex-shrink:0}.elementor-widget-divider .elementor-icon{font-size:var(--divider-icon-size)}.elementor-widget-divider .elementor-divider-separator{display:flex;margin:0;direction:ltr}.elementor-widget-divider--view-line_icon .elementor-divider-separator,.elementor-widget-divider--view-line_text .elementor-divider-separator{align-items:center}.elementor-widget-divider--view-line_icon .elementor-divider-separator:after,.elementor-widget-divider--view-line_icon .elementor-divider-separator:before,.elementor-widget-divider--view-line_text .elementor-divider-separator:after,.elementor-widget-divider--view-line_text .elementor-divider-separator:before{display:block;content:\"\";border-bottom:0;flex-grow:1;border-top:var(--divider-border-width) var(--divider-border-style) var(--divider-color)}.elementor-widget-divider--element-align-left .elementor-divider .elementor-divider-separator>.elementor-divider__svg:first-of-type{flex-grow:0;flex-shrink:100}.elementor-widget-divider--element-align-left .elementor-divider-separator:before{content:none}.elementor-widget-divider--element-align-left .elementor-divider__element{margin-left:0}.elementor-widget-divider--element-align-right .elementor-divider .elementor-divider-separator>.elementor-divider__svg:last-of-type{flex-grow:0;flex-shrink:100}.elementor-widget-divider--element-align-right .elementor-divider-separator:after{content:none}.elementor-widget-divider--element-align-right .elementor-divider__element{margin-right:0}.elementor-widget-divider:not(.elementor-widget-divider--view-line_text):not(.elementor-widget-divider--view-line_icon) .elementor-divider-separator{border-top:var(--divider-border-width) var(--divider-border-style) var(--divider-color)}.elementor-widget-divider--separator-type-pattern{--divider-border-style:none}.elementor-widget-divider--separator-type-pattern.elementor-widget-divider--view-line .elementor-divider-separator,.elementor-widget-divider--separator-type-pattern:not(.elementor-widget-divider--view-line) .elementor-divider-separator:after,.elementor-widget-divider--separator-type-pattern:not(.elementor-widget-divider--view-line) .elementor-divider-separator:before,.elementor-widget-divider--separator-type-pattern:not([class*=elementor-widget-divider--view]) .elementor-divider-separator{width:100%;min-height:var(--divider-pattern-height);-webkit-mask-size:var(--divider-pattern-size) 100%;mask-size:var(--divider-pattern-size) 100%;-webkit-mask-repeat:var(--divider-pattern-repeat);mask-repeat:var(--divider-pattern-repeat);background-color:var(--divider-color);-webkit-mask-image:var(--divider-pattern-url);mask-image:var(--divider-pattern-url)}.elementor-widget-divider--no-spacing{--divider-pattern-size:auto}.elementor-widget-divider--bg-round{--divider-pattern-repeat:round}.rtl .elementor-widget-divider .elementor-divider__text{direction:rtl}.e-con-inner>.elementor-widget-divider,.e-con>.elementor-widget-divider{width:var(--container-widget-width);--flex-grow:var(--container-widget-flex-grow)}<\/style>\t\t<div class=\"elementor-divider\">\n\t\t\t<span class=\"elementor-divider-separator\">\n\t\t\t\t\t\t<\/span>\n\t\t<\/div>\n\t\t\t\t<\/div>\n\t\t\t\t<\/div>\n\t\t\t\t\t<\/div>\n\t\t<\/div>\n\t\t\t\t\t\t\t<\/div>\n\t\t<\/section>\n\t\t\t\t<section class=\"elementor-section elementor-top-section elementor-element elementor-element-1e45eb6a elementor-section-full_width qode_elementor_container_inner elementor-section-height-default elementor-section-height-default parallax_section_no\" data-id=\"1e45eb6a\" data-element_type=\"section\">\n\t\t\t\t\t\t<div class=\"elementor-container elementor-column-gap-no\">\n\t\t\t\t\t<div class=\"elementor-column elementor-col-50 elementor-top-column elementor-element elementor-element-1433e0c9\" data-id=\"1433e0c9\" data-element_type=\"column\">\n\t\t\t<div class=\"elementor-widget-wrap elementor-element-populated\">\n\t\t\t\t\t\t\t\t<div class=\"elementor-element elementor-element-3fa5da1d animated-slow elementor-widget elementor-widget-image\" data-id=\"3fa5da1d\" data-element_type=\"widget\" data-settings=\"{&quot;_animation&quot;:&quot;none&quot;,&quot;_animation_delay&quot;:100}\" data-widget_type=\"image.default\">\n\t\t\t\t<div class=\"elementor-widget-container\">\n\t\t\t\t\t\t\t\t\t\t\t\t\t\t\t<img loading=\"lazy\" decoding=\"async\" width=\"1024\" height=\"683\" src=\"https:\/\/www.foxnails.ee\/ee\/wp-content\/uploads\/2023\/09\/354450362.jpg\" class=\"attachment-full size-full wp-image-672\" alt=\"\" srcset=\"https:\/\/www.foxnails.ee\/ee\/wp-content\/uploads\/2023\/09\/354450362.jpg 1024w, https:\/\/www.foxnails.ee\/ee\/wp-content\/uploads\/2023\/09\/354450362-300x200.jpg 300w, https:\/\/www.foxnails.ee\/ee\/wp-content\/uploads\/2023\/09\/354450362-768x512.jpg 768w, https:\/\/www.foxnails.ee\/ee\/wp-content\/uploads\/2023\/09\/354450362-700x467.jpg 700w\" sizes=\"auto, (max-width: 1024px) 100vw, 1024px\" \/>\t\t\t\t\t\t\t\t\t\t\t\t\t\t\t<\/div>\n\t\t\t\t<\/div>\n\t\t\t\t\t<\/div>\n\t\t<\/div>\n\t\t\t\t<div class=\"elementor-column elementor-col-50 elementor-top-column elementor-element elementor-element-bd722a6\" data-id=\"bd722a6\" data-element_type=\"column\">\n\t\t\t<div class=\"elementor-widget-wrap elementor-element-populated\">\n\t\t\t\t\t\t\t\t<div class=\"elementor-element elementor-element-a374ae0 elementor-widget elementor-widget-text-editor\" data-id=\"a374ae0\" data-element_type=\"widget\" data-widget_type=\"text-editor.default\">\n\t\t\t\t<div class=\"elementor-widget-container\">\n\t\t\t\t\t\t\t<h2>\u00dcldine Info<\/h2>\t\t\t\t\t\t<\/div>\n\t\t\t\t<\/div>\n\t\t\t\t<div class=\"elementor-element elementor-element-1677be1 elementor-widget elementor-widget-text-editor\" data-id=\"1677be1\" data-element_type=\"widget\" data-widget_type=\"text-editor.default\">\n\t\t\t\t<div class=\"elementor-widget-container\">\n\t\t\t\t\t\t\t<h5>Esitlus toimub Tallinna kesklinnas, hotellis &#171;<strong>Radisson Collection<\/strong>&#171;, aadressil: <strong>R\u00e4vala puiestee 3, Tallinn, 10143\u00a0<\/strong><\/h5>\t\t\t\t\t\t<\/div>\n\t\t\t\t<\/div>\n\t\t\t\t<section class=\"elementor-section elementor-inner-section elementor-element elementor-element-ffa07c9 elementor-section-full_width elementor-section-height-default elementor-section-height-default parallax_section_no qode_elementor_container_no\" data-id=\"ffa07c9\" data-element_type=\"section\">\n\t\t\t\t\t\t<div class=\"elementor-container elementor-column-gap-no\">\n\t\t\t\t\t<div class=\"elementor-column elementor-col-100 elementor-inner-column elementor-element elementor-element-968daef\" data-id=\"968daef\" data-element_type=\"column\">\n\t\t\t<div class=\"elementor-widget-wrap elementor-element-populated\">\n\t\t\t\t\t\t\t\t<div class=\"elementor-element elementor-element-abd34b8 elementor-widget elementor-widget-text-editor\" data-id=\"abd34b8\" data-element_type=\"widget\" data-widget_type=\"text-editor.default\">\n\t\t\t\t<div class=\"elementor-widget-container\">\n\t\t\t\t\t\t\t<h5>\u00a0<\/h5><h5 style=\"text-align: center;\">Esitlus toimub <strong>04. November 2023<\/strong>. aastal (<strong>laup\u00e4ev<\/strong>)<\/h5><h5 style=\"text-align: center;\">Kell <strong>11:00 kuni 17:00<\/strong><\/h5>\t\t\t\t\t\t<\/div>\n\t\t\t\t<\/div>\n\t\t\t\t<div class=\"elementor-element elementor-element-5b57d8c elementor-widget elementor-widget-text-editor\" data-id=\"5b57d8c\" data-element_type=\"widget\" data-widget_type=\"text-editor.default\">\n\t\t\t\t<div class=\"elementor-widget-container\">\n\t\t\t\t\t\t\t<h5 style=\"text-align: center;\">K\u00f5ik osalejad saavad: Osalemistunnistuse br\u00e4ndilt F.O.X \/ Kingitused br\u00e4ndi toodetega ja v\u00f5imaluse osta materjale soodushinnaga \u00fcrituse ajal.<\/h5>\t\t\t\t\t\t<\/div>\n\t\t\t\t<\/div>\n\t\t\t\t\t<\/div>\n\t\t<\/div>\n\t\t\t\t\t\t\t<\/div>\n\t\t<\/section>\n\t\t\t\t\t<\/div>\n\t\t<\/div>\n\t\t\t\t\t\t\t<\/div>\n\t\t<\/section>\n\t\t\t\t\t\t\t<\/div>\n\t\t","protected":false},"excerpt":{"rendered":"<p>\u00dcrituse info &#8212; Antud \u00fcritus sobib nii algajatele kui ka juba praktiseerivatele manik\u00fc\u00fcri meistritele, kes soovivad end edasi arendada \u00a0 &#8212; V\u00f5imalus kohtuda kolleegidega ja t\u00f6\u00f6stuse eksperte, mis avab teie jaoks uued perspektiivid ja aitab laiendada oma professionaalseid oskusi ning luua uusi tutvuseid. &#8212; K\u00f5ik&#8230;<\/p>\n","protected":false},"author":1,"featured_media":0,"parent":0,"menu_order":0,"comment_status":"closed","ping_status":"closed","template":"full_width.php","meta":{"content-type":"","footnotes":""},"class_list":["post-139","page","type-page","status-publish","hentry"],"_links":{"self":[{"href":"https:\/\/www.foxnails.ee\/ee\/index.php?rest_route=\/wp\/v2\/pages\/139","targetHints":{"allow":["GET"]}}],"collection":[{"href":"https:\/\/www.foxnails.ee\/ee\/index.php?rest_route=\/wp\/v2\/pages"}],"about":[{"href":"https:\/\/www.foxnails.ee\/ee\/index.php?rest_route=\/wp\/v2\/types\/page"}],"author":[{"embeddable":true,"href":"https:\/\/www.foxnails.ee\/ee\/index.php?rest_route=\/wp\/v2\/users\/1"}],"replies":[{"embeddable":true,"href":"https:\/\/www.foxnails.ee\/ee\/index.php?rest_route=%2Fwp%2Fv2%2Fcomments&post=139"}],"version-history":[{"count":63,"href":"https:\/\/www.foxnails.ee\/ee\/index.php?rest_route=\/wp\/v2\/pages\/139\/revisions"}],"predecessor-version":[{"id":872,"href":"https:\/\/www.foxnails.ee\/ee\/index.php?rest_route=\/wp\/v2\/pages\/139\/revisions\/872"}],"wp:attachment":[{"href":"https:\/\/www.foxnails.ee\/ee\/index.php?rest_route=%2Fwp%2Fv2%2Fmedia&parent=139"}],"curies":[{"name":"wp","href":"https:\/\/api.w.org\/{rel}","templated":true}]}}