{"id":144,"date":"2020-07-03T13:15:41","date_gmt":"2020-07-03T13:15:41","guid":{"rendered":"https:\/\/bridge378.qodeinteractive.com\/?page_id=144"},"modified":"2023-10-12T15:25:41","modified_gmt":"2023-10-12T12:25:41","slug":"contact","status":"publish","type":"page","link":"https:\/\/www.foxnails.ee\/ee\/?page_id=144","title":{"rendered":"Registreerimine"},"content":{"rendered":"\t\t<div data-elementor-type=\"wp-page\" data-elementor-id=\"144\" class=\"elementor elementor-144\">\n\t\t\t\t\t\t\t\t\t<section class=\"elementor-section elementor-top-section elementor-element elementor-element-b9fd442 elementor-section-full_width qode_elementor_container_inner elementor-section-height-default elementor-section-height-default parallax_section_no\" data-id=\"b9fd442\" data-element_type=\"section\">\n\t\t\t\t\t\t<div class=\"elementor-container elementor-column-gap-no\">\n\t\t\t\t\t<div class=\"elementor-column elementor-col-100 elementor-top-column elementor-element elementor-element-cb524fa\" data-id=\"cb524fa\" data-element_type=\"column\">\n\t\t\t<div class=\"elementor-widget-wrap elementor-element-populated\">\n\t\t\t\t\t\t\t\t<div class=\"elementor-element elementor-element-b15cf72 elementor-widget elementor-widget-text-editor\" data-id=\"b15cf72\" data-element_type=\"widget\" data-widget_type=\"text-editor.default\">\n\t\t\t\t<div class=\"elementor-widget-container\">\n\t\t\t<style>\/*! elementor - v3.10.2 - 29-01-2023 *\/\n.elementor-widget-text-editor.elementor-drop-cap-view-stacked .elementor-drop-cap{background-color:#818a91;color:#fff}.elementor-widget-text-editor.elementor-drop-cap-view-framed .elementor-drop-cap{color:#818a91;border:3px solid;background-color:transparent}.elementor-widget-text-editor:not(.elementor-drop-cap-view-default) .elementor-drop-cap{margin-top:8px}.elementor-widget-text-editor:not(.elementor-drop-cap-view-default) .elementor-drop-cap-letter{width:1em;height:1em}.elementor-widget-text-editor .elementor-drop-cap{float:left;text-align:center;line-height:1;font-size:50px}.elementor-widget-text-editor .elementor-drop-cap-letter{display:inline-block}<\/style>\t\t\t\t<h3 style=\"text-align: center;\"><strong>Esitlusele Registreerimine<\/strong><\/h3>\t\t\t\t\t\t<\/div>\n\t\t\t\t<\/div>\n\t\t\t\t<div class=\"elementor-element elementor-element-26d290c elementor-widget elementor-widget-text-editor\" data-id=\"26d290c\" data-element_type=\"widget\" data-widget_type=\"text-editor.default\">\n\t\t\t\t<div class=\"elementor-widget-container\">\n\t\t\t\t\t\t\t<h5 style=\"text-align: center;\"><strong>Palun t\u00e4itke allpool olev vorm, sisestades k\u00f5ik osaleja andmed. P\u00e4rast &#171;Registreeru&#187; nupu vajutamist avaneb makses\u00fcsteemi aken, registreerimine kinnitatakse p\u00e4rast makse laekumist.<\/strong><\/h5>\t\t\t\t\t\t<\/div>\n\t\t\t\t<\/div>\n\t\t\t\t<section class=\"elementor-section elementor-inner-section elementor-element elementor-element-af021b9 elementor-section-boxed elementor-section-height-default elementor-section-height-default parallax_section_no qode_elementor_container_no\" data-id=\"af021b9\" data-element_type=\"section\">\n\t\t\t\t\t\t<div class=\"elementor-container elementor-column-gap-default\">\n\t\t\t\t\t<div class=\"elementor-column elementor-col-50 elementor-inner-column elementor-element elementor-element-37c5d6c\" data-id=\"37c5d6c\" data-element_type=\"column\">\n\t\t\t<div class=\"elementor-widget-wrap elementor-element-populated\">\n\t\t\t\t\t\t\t\t<div class=\"elementor-element elementor-element-88e4721 elementor-widget elementor-widget-text-editor\" data-id=\"88e4721\" data-element_type=\"widget\" data-widget_type=\"text-editor.default\">\n\t\t\t\t<div class=\"elementor-widget-container\">\n\t\t\t\t\t\t\t<h5 style=\"text-align: center;\">Osalemistasu on<strong><span style=\"color: #ff0000;\">\u00a025 \u20ac<\/span><\/strong>. Registreerimise kinnitus saadetakse teile e-posti teel p\u00e4rast makse laekumist<\/h5>\t\t\t\t\t\t<\/div>\n\t\t\t\t<\/div>\n\t\t\t\t\t<\/div>\n\t\t<\/div>\n\t\t\t\t<div class=\"elementor-column elementor-col-50 elementor-inner-column elementor-element elementor-element-46fcab4\" data-id=\"46fcab4\" data-element_type=\"column\">\n\t\t\t<div class=\"elementor-widget-wrap elementor-element-populated\">\n\t\t\t\t\t\t\t\t<div class=\"elementor-element elementor-element-5f1076d elementor-widget elementor-widget-text-editor\" data-id=\"5f1076d\" data-element_type=\"widget\" data-widget_type=\"text-editor.default\">\n\t\t\t\t<div class=\"elementor-widget-container\">\n\t\t\t\t\t\t\t<h5 style=\"text-align: center;\">Kontaktandmed k\u00fcsimuste korral:<\/h5><h5 style=\"text-align: center;\"><strong> Telefon:<\/strong> +372 56700099 \/ <strong>E-post:<\/strong> <a href=\"mailto:info@foxnails.ee\" target=\"_new\">info@foxnails.ee<\/a><\/h5>\t\t\t\t\t\t<\/div>\n\t\t\t\t<\/div>\n\t\t\t\t\t<\/div>\n\t\t<\/div>\n\t\t\t\t\t\t\t<\/div>\n\t\t<\/section>\n\t\t\t\t<div class=\"elementor-element elementor-element-9c623a4 elementor-widget elementor-widget-text-editor\" data-id=\"9c623a4\" data-element_type=\"widget\" data-widget_type=\"text-editor.default\">\n\t\t\t\t<div class=\"elementor-widget-container\">\n\t\t\t\t\t\t\t\t\t\t\t\t\t<\/div>\n\t\t\t\t<\/div>\n\t\t\t\t<div class=\"elementor-element elementor-element-a7e842d elementor-widget elementor-widget-text-editor\" data-id=\"a7e842d\" data-element_type=\"widget\" data-widget_type=\"text-editor.default\">\n\t\t\t\t<div class=\"elementor-widget-container\">\n\t\t\t\t\t\t\t<h5 style=\"text-align: center;\"><b style=\"color: #ff6600;\">!NB! \u00dcle 91% piletitest on juba m\u00fc\u00fcdud<\/b><\/h5>\t\t\t\t\t\t<\/div>\n\t\t\t\t<\/div>\n\t\t\t\t<div class=\"elementor-element elementor-element-a19b393 elementor-widget elementor-widget-bridge_cf_7\" data-id=\"a19b393\" data-element_type=\"widget\" data-widget_type=\"bridge_cf_7.default\">\n\t\t\t\t<div class=\"elementor-widget-container\">\n\t\t\t    <div class=\"qode-contact-form-7 qode-contact-form-7-0\">\n    \n<div class=\"wpcf7 no-js\" id=\"wpcf7-f145-o1\" lang=\"en-US\" dir=\"ltr\">\n<div class=\"screen-reader-response\"><p role=\"status\" aria-live=\"polite\" aria-atomic=\"true\"><\/p> <ul><\/ul><\/div>\n<form action=\"\/ee\/index.php?rest_route=%2Fwp%2Fv2%2Fpages%2F144#wpcf7-f145-o1\" method=\"post\" class=\"wpcf7-form init cf7_custom_style_1\" aria-label=\"Contact form\" novalidate=\"novalidate\" data-status=\"init\">\n<div style=\"display: none;\">\n<input type=\"hidden\" name=\"_wpcf7\" value=\"145\" \/>\n<input type=\"hidden\" name=\"_wpcf7_version\" value=\"5.7.3\" \/>\n<input type=\"hidden\" name=\"_wpcf7_locale\" value=\"en_US\" \/>\n<input type=\"hidden\" name=\"_wpcf7_unit_tag\" value=\"wpcf7-f145-o1\" \/>\n<input type=\"hidden\" name=\"_wpcf7_container_post\" value=\"0\" \/>\n<input type=\"hidden\" name=\"_wpcf7_posted_data_hash\" value=\"\" \/>\n<\/div>\n<div class=\"column1\">\n      <div class=\"column_inner\">\n         <span class=\"wpcf7-form-control-wrap\" data-name=\"text-574\"><input size=\"40\" class=\"wpcf7-form-control wpcf7-text wpcf7-validates-as-required\" aria-required=\"true\" aria-invalid=\"false\" placeholder=\"Nimi\" value=\"\" type=\"text\" name=\"text-574\" \/><\/span>\n      <\/div>\n   <\/div>\n \n\n   <div class=\"column1\">\n      <div class=\"column_inner\">\n         <span class=\"wpcf7-form-control-wrap\" data-name=\"text-575\"><input size=\"40\" class=\"wpcf7-form-control wpcf7-text wpcf7-validates-as-required\" aria-required=\"true\" aria-invalid=\"false\" placeholder=\"Perekonnanimi\" value=\"\" type=\"text\" name=\"text-575\" \/><\/span> \n      <\/div>\n   <\/div>\n\n\n   <div class=\"column1\">\n      <div class=\"column_inner\">\n         <span class=\"wpcf7-form-control-wrap\" data-name=\"email-328\"><input size=\"40\" class=\"wpcf7-form-control wpcf7-text wpcf7-email wpcf7-validates-as-required wpcf7-validates-as-email\" aria-required=\"true\" aria-invalid=\"false\" placeholder=\"Teie E-mail\" value=\"\" type=\"email\" name=\"email-328\" \/><\/span>\n      <\/div>\n   \n      <\/div>\n\n<div style=\" text-align: center;\"> <span class=\"wpcf7-form-control-wrap\" data-name=\"tel-797\"><input size=\"40\" class=\"wpcf7-form-control wpcf7-text wpcf7-tel wpcf7-validates-as-required wpcf7-validates-as-tel\" aria-required=\"true\" aria-invalid=\"false\" placeholder=\"Teie telefoni number\" value=\"\" type=\"tel\" name=\"tel-797\" \/><\/span><\/div>\n<div <span class=\"wpcf7-form-control-wrap\" data-name=\"menu-829\"><select class=\"wpcf7-form-control wpcf7-select\" aria-invalid=\"false\" name=\"menu-829\"><option value=\"Osalemis tasu l\u00e4bi Visa\/MasterCard\">Osalemis tasu l\u00e4bi Visa\/MasterCard<\/option><\/select><\/span><\/div>\n<div style=\" text-align: center; margin-top: 20px;\"><input class=\"wpcf7-form-control has-spinner wpcf7-submit\" type=\"submit\" value=\"Registreeru\" \/><\/div><p style=\"display: none !important;\"><label>&#916;<textarea name=\"_wpcf7_ak_hp_textarea\" cols=\"45\" rows=\"8\" maxlength=\"100\"><\/textarea><\/label><input type=\"hidden\" id=\"ak_js_1\" name=\"_wpcf7_ak_js\" value=\"58\"\/><script>document.getElementById( \"ak_js_1\" ).setAttribute( \"value\", ( new Date() ).getTime() );<\/script><\/p><div class=\"wpcf7-response-output\" aria-hidden=\"true\"><\/div>\n<\/form>\n<\/div>\n    <\/div>\n\t\t<\/div>\n\t\t\t\t<\/div>\n\t\t\t\t\t<\/div>\n\t\t<\/div>\n\t\t\t\t\t\t\t<\/div>\n\t\t<\/section>\n\t\t\t\t\t\t\t<\/div>\n\t\t","protected":false},"excerpt":{"rendered":"<p>Esitlusele Registreerimine Palun t\u00e4itke allpool olev vorm, sisestades k\u00f5ik osaleja andmed. P\u00e4rast &#171;Registreeru&#187; nupu vajutamist avaneb makses\u00fcsteemi aken, registreerimine kinnitatakse p\u00e4rast makse laekumist. Osalemistasu on\u00a025 \u20ac. Registreerimise kinnitus saadetakse teile e-posti teel p\u00e4rast makse laekumist Kontaktandmed k\u00fcsimuste korral: Telefon: +372 56700099 \/ E-post: info@foxnails.ee !NB!&#8230;<\/p>\n","protected":false},"author":1,"featured_media":0,"parent":0,"menu_order":0,"comment_status":"closed","ping_status":"closed","template":"full_width.php","meta":{"content-type":"","footnotes":""},"class_list":["post-144","page","type-page","status-publish","hentry"],"_links":{"self":[{"href":"https:\/\/www.foxnails.ee\/ee\/index.php?rest_route=\/wp\/v2\/pages\/144","targetHints":{"allow":["GET"]}}],"collection":[{"href":"https:\/\/www.foxnails.ee\/ee\/index.php?rest_route=\/wp\/v2\/pages"}],"about":[{"href":"https:\/\/www.foxnails.ee\/ee\/index.php?rest_route=\/wp\/v2\/types\/page"}],"author":[{"embeddable":true,"href":"https:\/\/www.foxnails.ee\/ee\/index.php?rest_route=\/wp\/v2\/users\/1"}],"replies":[{"embeddable":true,"href":"https:\/\/www.foxnails.ee\/ee\/index.php?rest_route=%2Fwp%2Fv2%2Fcomments&post=144"}],"version-history":[{"count":62,"href":"https:\/\/www.foxnails.ee\/ee\/index.php?rest_route=\/wp\/v2\/pages\/144\/revisions"}],"predecessor-version":[{"id":899,"href":"https:\/\/www.foxnails.ee\/ee\/index.php?rest_route=\/wp\/v2\/pages\/144\/revisions\/899"}],"wp:attachment":[{"href":"https:\/\/www.foxnails.ee\/ee\/index.php?rest_route=%2Fwp%2Fv2%2Fmedia&parent=144"}],"curies":[{"name":"wp","href":"https:\/\/api.w.org\/{rel}","templated":true}]}}