{"id":206,"date":"2020-06-30T11:05:53","date_gmt":"2020-06-30T11:05:53","guid":{"rendered":"https:\/\/bridge378.qodeinteractive.com\/?page_id=7"},"modified":"2023-09-18T13:29:32","modified_gmt":"2023-09-18T10:29:32","slug":"home","status":"publish","type":"page","link":"https:\/\/www.foxnails.ee\/ee\/","title":{"rendered":"Esileht"},"content":{"rendered":"\t\t<div data-elementor-type=\"wp-page\" data-elementor-id=\"206\" class=\"elementor elementor-206\">\n\t\t\t\t\t\t\t\t\t<section class=\"elementor-section elementor-top-section elementor-element elementor-element-1fd2bb8 elementor-section-full_width elementor-section-height-default elementor-section-height-default parallax_section_no qode_elementor_container_no\" data-id=\"1fd2bb8\" data-element_type=\"section\">\n\t\t\t\t\t\t<div class=\"elementor-container elementor-column-gap-no\">\n\t\t\t\t\t<div class=\"elementor-column elementor-col-100 elementor-top-column elementor-element elementor-element-869b0fa\" data-id=\"869b0fa\" data-element_type=\"column\">\n\t\t\t<div class=\"elementor-widget-wrap elementor-element-populated\">\n\t\t\t\t\t\t\t\t<div class=\"elementor-element elementor-element-62ac6fe elementor-widget elementor-widget-slider_revolution\" data-id=\"62ac6fe\" data-element_type=\"widget\" data-widget_type=\"slider_revolution.default\">\n\t\t\t\t<div class=\"elementor-widget-container\">\n\t\t\t\n\t\t<div class=\"wp-block-themepunch-revslider\">\n\t\t\t<!-- START Homeslider REVOLUTION SLIDER 6.6.8 --><p class=\"rs-p-wp-fix\"><\/p>\n\t\t\t<rs-module-wrap id=\"rev_slider_1_1_wrapper\" data-source=\"gallery\" style=\"visibility:hidden;background:transparent;padding:0;\">\n\t\t\t\t<rs-module id=\"rev_slider_1_1\" style=\"\" data-version=\"6.6.8\">\n\t\t\t\t\t<rs-slides style=\"overflow: hidden; position: absolute;\">\n\t\t\t\t\t\t<rs-slide style=\"position: absolute;\" data-key=\"rs-1\" data-title=\"Slide\" data-in=\"o:0;\" data-out=\"a:false;\">\n\t\t\t\t\t\t\t<img decoding=\"async\" src=\"\/\/www.foxnails.ee\/ee\/wp-content\/plugins\/revslider\/public\/assets\/assets\/dummy.png\" alt=\"\" title=\"pexels-cottonbro-9694805_1.jpeg\" width=\"2560\" height=\"1350\" class=\"rev-slidebg tp-rs-img rs-lazyload\" data-lazyload=\"\/\/www.foxnails.ee\/wp-content\/uploads\/revslider\/video-media\/pexels-cottonbro-9694805_1-scaled.jpeg\" data-parallax=\"6\" data-no-retina>\n\t\t\t\t\t\t\t<rs-bgvideo \n\t\t\t\t\t\t\t\tdata-video=\"w:100%;h:100%;nse:false;l:true;ptimer:false;vfc:true;\"\n\t\t\t\t\t\t\t\tdata-mp4=\"\/\/www.foxnails.ee\/ee\/wp-content\/uploads\/2023\/02\/pexels-cottonbro-9694805.mp4\"\n\t\t\t\t\t\t\t><\/rs-bgvideo>\n<!--\n\t\t\t\t\t\t\t--><rs-layer\n\t\t\t\t\t\t\t\tid=\"slider-1-slide-1-layer-1\" \n\t\t\t\t\t\t\t\tdata-type=\"text\"\n\t\t\t\t\t\t\t\tdata-xy=\"x:c;y:m;yo:-238px,-220px,10px,-142px;\"\n\t\t\t\t\t\t\t\tdata-text=\"w:normal;s:80,80,50,30;l:90,90,60,74;ls:15px,15px,10px,1px;a:center;\"\n\t\t\t\t\t\t\t\tdata-basealign=\"slide\"\n\t\t\t\t\t\t\t\tdata-rsp_o=\"off\"\n\t\t\t\t\t\t\t\tdata-rsp_bd=\"off\"\n\t\t\t\t\t\t\t\tdata-frame_0=\"x:0,0,0,0px;y:50,50,50,62px;\"\n\t\t\t\t\t\t\t\tdata-frame_1=\"x:0,0,0,0px;y:0,0,0,0px;e:power1.out;st:500;sp:500;\"\n\t\t\t\t\t\t\t\tdata-frame_999=\"o:0;e:power1.out;st:w;\"\n\t\t\t\t\t\t\t\tstyle=\"z-index:6;font-family:'Alice';text-transform:uppercase;\"\n\t\t\t\t\t\t\t>Br\u00e4ndi esitlus \n\t\t\t\t\t\t\t<\/rs-layer><!--\n\n\t\t\t\t\t\t\t--><rs-layer\n\t\t\t\t\t\t\t\tid=\"slider-1-slide-1-layer-2\" \n\t\t\t\t\t\t\t\tdata-type=\"text\"\n\t\t\t\t\t\t\t\tdata-xy=\"x:c;y:t,m,m,m;yo:264px,-35px,90px,-20px;\"\n\t\t\t\t\t\t\t\tdata-text=\"w:normal;s:56,56,56,36;l:65,65,65,35;ls:0,0,0px,0px;fw:300;a:center;\"\n\t\t\t\t\t\t\t\tdata-dim=\"w:1614,1614,647px,auto;\"\n\t\t\t\t\t\t\t\tdata-rsp_o=\"off\"\n\t\t\t\t\t\t\t\tdata-rsp_bd=\"off\"\n\t\t\t\t\t\t\t\tdata-frame_0=\"y:110px,110px,110px,60px;\"\n\t\t\t\t\t\t\t\tdata-frame_1=\"e:power1.out;st:700;sp:500;\"\n\t\t\t\t\t\t\t\tdata-frame_999=\"o:0;e:power1.out;st:w;\"\n\t\t\t\t\t\t\t\tstyle=\"z-index:7;font-family:'Mukta';\"\n\t\t\t\t\t\t\t>04.11.2023  - Tallinn <br \/>\n \"Radisson Collection Hotel\"  \n\t\t\t\t\t\t\t<\/rs-layer><!--\n\n\t\t\t\t\t\t\t--><rs-layer\n\t\t\t\t\t\t\t\tid=\"slider-1-slide-1-layer-3\" \n\t\t\t\t\t\t\t\tdata-type=\"text\"\n\t\t\t\t\t\t\t\tdata-xy=\"x:c;y:m;yo:190px,214px,180px,266px;\"\n\t\t\t\t\t\t\t\tdata-text=\"w:normal;a:center;\"\n\t\t\t\t\t\t\t\tdata-rsp_o=\"off\"\n\t\t\t\t\t\t\t\tdata-rsp_bd=\"off\"\n\t\t\t\t\t\t\t\tdata-frame_0=\"y:50;\"\n\t\t\t\t\t\t\t\tdata-frame_1=\"e:power1.out;st:900;sp:500;\"\n\t\t\t\t\t\t\t\tdata-frame_999=\"o:0;e:power1.out;st:w;\"\n\t\t\t\t\t\t\t\tstyle=\"z-index:8;font-family:'Lato';\"\n\t\t\t\t\t\t\t><a  itemprop=\"url\" href=\"https:\/\/www.foxnails.ee\/ee\/?page_id=144\" target=\"_self\"  class=\"qbutton  default\" style=\"\">REGISTREERI KOHE<\/a> \n\t\t\t\t\t\t\t<\/rs-layer><!--\n\n\t\t\t\t\t\t\t--><rs-layer\n\t\t\t\t\t\t\t\tid=\"slider-1-slide-1-layer-4\" \n\t\t\t\t\t\t\t\tdata-type=\"text\"\n\t\t\t\t\t\t\t\tdata-xy=\"x:c;y:t,t,t,m;yo:418px,445px,445px,109px;\"\n\t\t\t\t\t\t\t\tdata-text=\"w:normal;s:33,33,33,20;l:41,41,41,36;a:center;\"\n\t\t\t\t\t\t\t\tdata-dim=\"w:auto,auto,auto,375px;\"\n\t\t\t\t\t\t\t\tdata-rsp_o=\"off\"\n\t\t\t\t\t\t\t\tdata-rsp_bd=\"off\"\n\t\t\t\t\t\t\t\tdata-frame_999=\"o:0;st:w;\"\n\t\t\t\t\t\t\t\tstyle=\"z-index:9;font-family:'Playfair Display';\"\n\t\t\t\t\t\t\t>V\u00f5tta osa Euroopa juhtiva k\u00fc\u00fcnehooldustoodete br\u00e4ndi esitlusel \n\t\t\t\t\t\t\t<\/rs-layer><!--\n-->\t\t\t\t\t\t<\/rs-slide>\n\t\t\t\t\t<\/rs-slides>\n\t\t\t\t<\/rs-module>\n\t\t\t\t<script>\n\t\t\t\t\tsetREVStartSize({c: 'rev_slider_1_1',rl:[1240,1024,778,480],el:[900,768,960,720],gw:[1240,1024,778,480],gh:[900,768,960,720],type:'standard',justify:'',layout:'fullscreen',offsetContainer:'',offset:'',mh:\"0\"});if (window.RS_MODULES!==undefined && window.RS_MODULES.modules!==undefined && window.RS_MODULES.modules[\"revslider11\"]!==undefined) {window.RS_MODULES.modules[\"revslider11\"].once = false;window.revapi1 = undefined;if (window.RS_MODULES.checkMinimal!==undefined) window.RS_MODULES.checkMinimal()}\n\t\t\t\t<\/script>\n\t\t\t<\/rs-module-wrap>\n\t\t\t<!-- END REVOLUTION SLIDER -->\n<\/div>\n\n\t\t\t\t<\/div>\n\t\t\t\t<\/div>\n\t\t\t\t\t<\/div>\n\t\t<\/div>\n\t\t\t\t\t\t\t<\/div>\n\t\t<\/section>\n\t\t\t\t\t\t\t<\/div>\n\t\t","protected":false},"excerpt":{"rendered":"Br\u00e4ndi esitlus 04.11.2023 - Tallinn \"Radisson Collection Hotel\" REGISTREERI KOHE V\u00f5tta osa Euroopa juhtiva k\u00fc\u00fcnehooldustoodete br\u00e4ndi esitlusel","protected":false},"author":1,"featured_media":0,"parent":0,"menu_order":0,"comment_status":"closed","ping_status":"closed","template":"full_width.php","meta":{"content-type":"","footnotes":""},"class_list":["post-206","page","type-page","status-publish","hentry"],"_links":{"self":[{"href":"https:\/\/www.foxnails.ee\/ee\/index.php?rest_route=\/wp\/v2\/pages\/206","targetHints":{"allow":["GET"]}}],"collection":[{"href":"https:\/\/www.foxnails.ee\/ee\/index.php?rest_route=\/wp\/v2\/pages"}],"about":[{"href":"https:\/\/www.foxnails.ee\/ee\/index.php?rest_route=\/wp\/v2\/types\/page"}],"author":[{"embeddable":true,"href":"https:\/\/www.foxnails.ee\/ee\/index.php?rest_route=\/wp\/v2\/users\/1"}],"replies":[{"embeddable":true,"href":"https:\/\/www.foxnails.ee\/ee\/index.php?rest_route=%2Fwp%2Fv2%2Fcomments&post=206"}],"version-history":[{"count":5,"href":"https:\/\/www.foxnails.ee\/ee\/index.php?rest_route=\/wp\/v2\/pages\/206\/revisions"}],"predecessor-version":[{"id":664,"href":"https:\/\/www.foxnails.ee\/ee\/index.php?rest_route=\/wp\/v2\/pages\/206\/revisions\/664"}],"wp:attachment":[{"href":"https:\/\/www.foxnails.ee\/ee\/index.php?rest_route=%2Fwp%2Fv2%2Fmedia&parent=206"}],"curies":[{"name":"wp","href":"https:\/\/api.w.org\/{rel}","templated":true}]}}